{"id":3854,"date":"2022-07-06T23:28:15","date_gmt":"2022-07-07T03:28:15","guid":{"rendered":"https:\/\/www.atacamakozan.cl\/?page_id=3854"},"modified":"2026-02-10T11:54:00","modified_gmt":"2026-02-10T14:54:00","slug":"formulario-visitas-tecnicas","status":"publish","type":"page","link":"https:\/\/www.atacamakozan.cl\/?page_id=3854","title":{"rendered":"Formulario Visitas T\u00e9cnicas"},"content":{"rendered":"\t\t<div data-elementor-type=\"wp-page\" data-elementor-id=\"3854\" class=\"elementor elementor-3854\">\n\t\t\t\t\t\t<div class=\"elementor-inner\">\n\t\t\t\t<div class=\"elementor-section-wrap\">\n\t\t\t\t\t\t\t\t\t<section class=\"elementor-section elementor-top-section elementor-element elementor-element-361ea951 elementor-section-height-min-height elementor-section-boxed elementor-section-height-default elementor-section-items-middle\" data-id=\"361ea951\" data-element_type=\"section\" data-settings=\"{&quot;background_background&quot;:&quot;classic&quot;}\">\n\t\t\t\t\t\t\t<div class=\"elementor-background-overlay\"><\/div>\n\t\t\t\t\t\t\t<div class=\"elementor-container elementor-column-gap-default\">\n\t\t\t\t\t\t\t<div class=\"elementor-row\">\n\t\t\t\t\t<div class=\"elementor-column elementor-col-100 elementor-top-column elementor-element elementor-element-2bc38148\" data-id=\"2bc38148\" data-element_type=\"column\">\n\t\t\t<div class=\"elementor-column-wrap elementor-element-populated\">\n\t\t\t\t\t\t\t<div class=\"elementor-widget-wrap\">\n\t\t\t\t\t\t<div class=\"elementor-element elementor-element-7e2c8c6f elementor-widget elementor-widget-spacer\" data-id=\"7e2c8c6f\" data-element_type=\"widget\" data-widget_type=\"spacer.default\">\n\t\t\t\t<div class=\"elementor-widget-container\">\n\t\t\t\t\t<div class=\"elementor-spacer\">\n\t\t\t<div class=\"elementor-spacer-inner\"><\/div>\n\t\t<\/div>\n\t\t\t\t<\/div>\n\t\t\t\t<\/div>\n\t\t\t\t<div class=\"elementor-element elementor-element-8137b25 elementor-invisible elementor-widget elementor-widget-image\" data-id=\"8137b25\" data-element_type=\"widget\" data-settings=\"{&quot;_animation&quot;:&quot;fadeInDown&quot;}\" data-widget_type=\"image.default\">\n\t\t\t\t<div class=\"elementor-widget-container\">\n\t\t\t\t\t\t\t\t<div class=\"elementor-image\">\n\t\t\t\t\t\t\t\t\t\t\t\t<img width=\"1024\" height=\"723\" src=\"https:\/\/www.atacamakozan.cl\/wp-content\/uploads\/2020\/12\/AK-logo-hd-blanco-01-1024x723.png\" class=\"attachment-large size-large\" alt=\"\" loading=\"lazy\" srcset=\"https:\/\/www.atacamakozan.cl\/wp-content\/uploads\/2020\/12\/AK-logo-hd-blanco-01-1024x723.png 1024w, https:\/\/www.atacamakozan.cl\/wp-content\/uploads\/2020\/12\/AK-logo-hd-blanco-01-300x212.png 300w, https:\/\/www.atacamakozan.cl\/wp-content\/uploads\/2020\/12\/AK-logo-hd-blanco-01-768x542.png 768w, https:\/\/www.atacamakozan.cl\/wp-content\/uploads\/2020\/12\/AK-logo-hd-blanco-01.png 1506w\" sizes=\"(max-width: 1024px) 100vw, 1024px\" \/>\t\t\t\t\t\t\t\t\t\t\t\t\t\t<\/div>\n\t\t\t\t\t\t<\/div>\n\t\t\t\t<\/div>\n\t\t\t\t<div class=\"elementor-element elementor-element-319ec52 elementor-invisible elementor-widget elementor-widget-heading\" data-id=\"319ec52\" data-element_type=\"widget\" data-settings=\"{&quot;_animation&quot;:&quot;fadeInLeft&quot;}\" data-widget_type=\"heading.default\">\n\t\t\t\t<div class=\"elementor-widget-container\">\n\t\t\t<h2 class=\"elementor-heading-title elementor-size-default\">Formulario de Visitas T\u00e9cnicas<\/h2>\t\t<\/div>\n\t\t\t\t<\/div>\n\t\t\t\t<div class=\"elementor-element elementor-element-213ee10 elementor-button-align-stretch elementor-invisible elementor-widget elementor-widget-form\" data-id=\"213ee10\" data-element_type=\"widget\" data-settings=\"{&quot;step_next_label&quot;:&quot;Next&quot;,&quot;step_previous_label&quot;:&quot;Previous&quot;,&quot;_animation&quot;:&quot;fadeInRight&quot;,&quot;button_width&quot;:&quot;100&quot;,&quot;step_type&quot;:&quot;number_text&quot;,&quot;step_icon_shape&quot;:&quot;circle&quot;}\" data-widget_type=\"form.default\">\n\t\t\t\t<div class=\"elementor-widget-container\">\n\t\t\t\t\t<form class=\"elementor-form\" method=\"post\" name=\"Formulario visita\">\n\t\t\t<input type=\"hidden\" name=\"post_id\" value=\"3854\"\/>\n\t\t\t<input type=\"hidden\" name=\"form_id\" value=\"213ee10\"\/>\n\n\t\t\t\n\t\t\t<div class=\"elementor-form-fields-wrapper elementor-labels-above\">\n\t\t\t\t\t\t\t\t<div class=\"elementor-field-type-text elementor-field-group elementor-column elementor-field-group-name elementor-col-100\">\n\t\t\t\t\t<label for=\"form-field-name\" class=\"elementor-field-label\">Nombre y Apellidos<\/label><input size=\"1\" type=\"text\" name=\"form_fields[name]\" id=\"form-field-name\" class=\"elementor-field elementor-size-sm  elementor-field-textual\" placeholder=\"Nombre\">\t\t\t\t<\/div>\n\t\t\t\t\t\t\t\t<div class=\"elementor-field-type-text elementor-field-group elementor-column elementor-field-group-email elementor-col-100 elementor-field-required\">\n\t\t\t\t\t<label for=\"form-field-email\" class=\"elementor-field-label\">Rut<\/label><input size=\"1\" type=\"text\" name=\"form_fields[email]\" id=\"form-field-email\" class=\"elementor-field elementor-size-sm  elementor-field-textual\" placeholder=\"Rut con puntos y gui\u00f3n\" required=\"required\" aria-required=\"true\">\t\t\t\t<\/div>\n\t\t\t\t\t\t\t\t<div class=\"elementor-field-type-text elementor-field-group elementor-column elementor-field-group-message elementor-col-100\">\n\t\t\t\t\t<label for=\"form-field-message\" class=\"elementor-field-label\">Cargo<\/label><input size=\"1\" type=\"text\" name=\"form_fields[message]\" id=\"form-field-message\" class=\"elementor-field elementor-size-sm  elementor-field-textual\" placeholder=\"Cargo\">\t\t\t\t<\/div>\n\t\t\t\t\t\t\t\t<div class=\"elementor-field-type-text elementor-field-group elementor-column elementor-field-group-field_e8f10b9 elementor-col-100\">\n\t\t\t\t\t<label for=\"form-field-field_e8f10b9\" class=\"elementor-field-label\">Empresa<\/label><input size=\"1\" type=\"text\" name=\"form_fields[field_e8f10b9]\" id=\"form-field-field_e8f10b9\" class=\"elementor-field elementor-size-sm  elementor-field-textual\" placeholder=\"Empresa\">\t\t\t\t<\/div>\n\t\t\t\t\t\t\t\t<div class=\"elementor-field-type-email elementor-field-group elementor-column elementor-field-group-field_076f55d elementor-col-100\">\n\t\t\t\t\t<label for=\"form-field-field_076f55d\" class=\"elementor-field-label\">Email<\/label><input size=\"1\" type=\"email\" name=\"form_fields[field_076f55d]\" id=\"form-field-field_076f55d\" class=\"elementor-field elementor-size-sm  elementor-field-textual\" placeholder=\"Correo electronico\">\t\t\t\t<\/div>\n\t\t\t\t\t\t\t\t<div class=\"elementor-field-type-date elementor-field-group elementor-column elementor-field-group-field_667a5ce elementor-col-100 elementor-field-required\">\n\t\t\t\t\t<label for=\"form-field-field_667a5ce\" class=\"elementor-field-label\">Fecha <\/label><input type=\"date\" name=\"form_fields[field_667a5ce]\" id=\"form-field-field_667a5ce\" class=\"elementor-field elementor-size-sm  elementor-field-textual elementor-date-field\" placeholder=\"Fecha de vis\u00edta\" required=\"required\" aria-required=\"true\" pattern=\"[0-9]{4}-[0-9]{2}-[0-9]{2}\">\t\t\t\t<\/div>\n\t\t\t\t\t\t\t\t<div class=\"elementor-field-type-time elementor-field-group elementor-column elementor-field-group-field_ce31e08 elementor-col-100 elementor-field-required\">\n\t\t\t\t\t<label for=\"form-field-field_ce31e08\" class=\"elementor-field-label\">Hora<\/label><input type=\"time\" name=\"form_fields[field_ce31e08]\" id=\"form-field-field_ce31e08\" class=\"elementor-field elementor-size-sm  elementor-field-textual elementor-time-field\" placeholder=\"Hora de vis\u00edta\" required=\"required\" aria-required=\"true\">\t\t\t\t<\/div>\n\t\t\t\t\t\t\t\t<div class=\"elementor-field-type-text elementor-field-group elementor-column elementor-field-group-field_ee9e608 elementor-col-100 elementor-field-required\">\n\t\t\t\t\t<label for=\"form-field-field_ee9e608\" class=\"elementor-field-label\">Motivo <\/label><input size=\"1\" type=\"text\" name=\"form_fields[field_ee9e608]\" id=\"form-field-field_ee9e608\" class=\"elementor-field elementor-size-sm  elementor-field-textual\" placeholder=\"Motivo de vis\u00edta\" required=\"required\" aria-required=\"true\">\t\t\t\t<\/div>\n\t\t\t\t\t\t\t\t<div class=\"elementor-field-type-select elementor-field-group elementor-column elementor-field-group-field_278a7c0 elementor-col-100\">\n\t\t\t\t\t<label for=\"form-field-field_278a7c0\" class=\"elementor-field-label\">Contacto Atacama Kozan<\/label>\t\t<div class=\"elementor-field elementor-select-wrapper \">\n\t\t\t<select name=\"form_fields[field_278a7c0]\" id=\"form-field-field_278a7c0\" class=\"elementor-field-textual elementor-size-sm\">\n\t\t\t\t<option value=\"\"><\/option><option value=\"alejandrogalvez@atacamakozan.cl\">alejandrogalvez@atacamakozan.cl<\/option><option value=\"alexismendez@atacamakozan.cl\">alexismendez@atacamakozan.cl<\/option><option value=\"alfonsoopazo@atacamakozan.cl\">alfonsoopazo@atacamakozan.cl<\/option><option value=\"americovillalobos@atacamakozan.cl\">americovillalobos@atacamakozan.cl<\/option><option value=\"aoshima@atacamakozan.cl\">aoshima@atacamakozan.cl<\/option><option value=\"arai@atacamakozan.cl\">arai@atacamakozan.cl<\/option><option value=\"andreaoyarzun@atacamakozan.cl\">andreaoyarzun@atacamakozan.cl<\/option><option value=\"barbaraelizalde@atacamakozan.cl\">barbaraelizalde@atacamakozan.cl<\/option><option value=\"claudiabrizuela@atacamakozan.cl\">claudiabrizuela@atacamakozan.cl<\/option><option value=\"cristiantoro@atacamakozan.cl\">cristiantoro@atacamakozan.cl<\/option><option value=\"davidolivares@atacamakozan.cl\">davidolivares@atacamakozan.cl<\/option><option value=\"diegoaguila@atacamakozan.cl\">diegoaguila@atacamakozan.cl<\/option><option value=\"franciscoescobar@atacamakozan.cl\">franciscoescobar@atacamakozan.cl<\/option><option value=\"gonzalosegura@atacamakozan.cl\">gonzalosegura@atacamakozan.cl<\/option><option value=\"guillermomartinez@atacamakozan.cl\">guillermomartinez@atacamakozan.cl<\/option><option value=\"jessicagonzalez@atacamakozan.cl\">jessicagonzalez@atacamakozan.cl<\/option><option value=\"jessicasantibanez@atacamakozan.cl\">jessicasantibanez@atacamakozan.cl<\/option><option value=\"jhonnyescobar@atacamakozan.cl\">jhonnyescobar@atacamakozan.cl<\/option><option value=\"jonathanzepeda@atacamakozan.cl\">jonathanzepeda@atacamakozan.cl<\/option><option value=\"jorgeguerra@atacamakozan.cl\">jorgeguerra@atacamakozan.cl<\/option><option value=\"jorgerojas@atacamakozan.cl\">jorgerojas@atacamakozan.cl<\/option><option value=\"josefritis@atacamakozan.cl\">josefritis@atacamakozan.cl<\/option><option value=\"josegonzalez@atacamakozan.cl\">josegonzalez@atacamakozan.cl<\/option><option value=\"kamimura@atacamakozan.cl\">kamimura@atacamakozan.cl<\/option><option value=\"karenleon@atacamakozan.cl\">karenleon@atacamakozan.cl<\/option><option value=\"kimberlystockle@atacamakozan.cl\">kimberlystockle@atacamakozan.cl<\/option><option value=\"luissegovia@atacamakozan.cl\">luissegovia@atacamakozan.cl<\/option><option value=\"luisrojas@atacamakozan.cl\">luisrojas@atacamakozan.cl<\/option><option value=\"macarenarodriguez@atacamakozan.cl\">macarenarodriguez@atacamakozan.cl<\/option><option value=\"marcelogalarce@atacamakozan.cl\">marcelogalarce@atacamakozan.cl<\/option><option value=\"mariaconstanzamiranda@atacamakozan.cl\">mariaconstanzamiranda@atacamakozan.cl<\/option><option value=\"matiasmarin@atacamakozan.cl\">matiasmarin@atacamakozan.cl<\/option><option value=\"nakatsuru@atacamakozan.cl\">nakatsuru@atacamakozan.cl<\/option><option value=\"pablobenitez@atacamakozan.cl\">pablobenitez@atacamakozan.cl<\/option><option value=\"patriciovallejo@atacamakozan.cl\">patriciovallejo@atacamakozan.cl<\/option><option value=\"raulgonzalez@atacamakozan.cl\">raulgonzalez@atacamakozan.cl<\/option><option value=\"ricardoandrade@atacamakozan.cl\">ricardoandrade@atacamakozan.cl<\/option><option value=\"ricardotoro@atacamakozan.cl\">ricardotoro@atacamakozan.cl<\/option><option value=\"rodrigojeraldo@atacamakozan.cl\">rodrigojeraldo@atacamakozan.cl<\/option><option value=\"sebastianangel@atacamakozan.cl\">sebastianangel@atacamakozan.cl<\/option><option value=\"sebastianlozano@atacamakozan.cl\">sebastianlozano@atacamakozan.cl<\/option><option value=\"secretariagerencia@atacamakozan.cl\">secretariagerencia@atacamakozan.cl<\/option><option value=\"terashima@atacamakozan.cl\">terashima@atacamakozan.cl<\/option><option value=\"yarnacicardini@atacamakozan.cl\">yarnacicardini@atacamakozan.cl<\/option><option value=\"okuyama@atacamakozan.cl\">okuyama@atacamakozan.cl<\/option><option value=\"ximenacortes@atacamakozan.cl\">ximenacortes@atacamakozan.cl<\/option>\t\t\t<\/select>\n\t\t<\/div>\n\t\t\t\t\t\t<\/div>\n\t\t\t\t\t\t\t\t<div class=\"elementor-field-type-checkbox elementor-field-group elementor-column elementor-field-group-field_42e7131 elementor-col-100\">\n\t\t\t\t\t<label for=\"form-field-field_42e7131\" class=\"elementor-field-label\">Destino Faena<\/label><div class=\"elementor-field-subgroup  \"><span class=\"elementor-field-option\"><input type=\"checkbox\" value=\"Mina\" id=\"form-field-field_42e7131-0\" name=\"form_fields[field_42e7131][]\"> <label for=\"form-field-field_42e7131-0\">Mina<\/label><\/span><span class=\"elementor-field-option\"><input type=\"checkbox\" value=\"Planta\" id=\"form-field-field_42e7131-1\" name=\"form_fields[field_42e7131][]\"> <label for=\"form-field-field_42e7131-1\">Planta<\/label><\/span><span class=\"elementor-field-option\"><input type=\"checkbox\" value=\"Dep\u00f3sito de Relaves\" id=\"form-field-field_42e7131-2\" name=\"form_fields[field_42e7131][]\"> <label for=\"form-field-field_42e7131-2\">Dep\u00f3sito de Relaves<\/label><\/span><span class=\"elementor-field-option\"><input type=\"checkbox\" value=\"Superficie\" id=\"form-field-field_42e7131-3\" name=\"form_fields[field_42e7131][]\"> <label for=\"form-field-field_42e7131-3\">Superficie<\/label><\/span><span class=\"elementor-field-option\"><input type=\"checkbox\" value=\"Sol Naciente\" id=\"form-field-field_42e7131-4\" name=\"form_fields[field_42e7131][]\"> <label for=\"form-field-field_42e7131-4\">Sol Naciente<\/label><\/span><\/div>\t\t\t\t<\/div>\n\t\t\t\t\t\t\t\t<div class=\"elementor-field-type-upload elementor-field-group elementor-column elementor-field-group-field_6034b2e elementor-col-100 elementor-field-required\">\n\t\t\t\t\t<label for=\"form-field-field_6034b2e\" class=\"elementor-field-label\">Contrato de Trabajo (3MB Max.) OBLIGATORIO<\/label><input type=\"file\" name=\"form_fields[field_6034b2e]\" id=\"form-field-field_6034b2e\" class=\"elementor-field elementor-size-sm  elementor-upload-field\" required=\"required\" aria-required=\"true\" data-maxsize=\"3\" data-maxsize-message=\"This file exceeds the maximum allowed size.\">\t\t\t\t<\/div>\n\t\t\t\t\t\t\t\t<div class=\"elementor-field-type-upload elementor-field-group elementor-column elementor-field-group-field_de9a54b elementor-col-100 elementor-field-required\">\n\t\t\t\t\t<label for=\"form-field-field_de9a54b\" class=\"elementor-field-label\">Examen Preocupacional (3MB Max.) OBLIGATORIO<\/label><input type=\"file\" name=\"form_fields[field_de9a54b]\" id=\"form-field-field_de9a54b\" class=\"elementor-field elementor-size-sm  elementor-upload-field\" required=\"required\" aria-required=\"true\" data-maxsize=\"3\" data-maxsize-message=\"This file exceeds the maximum allowed size.\">\t\t\t\t<\/div>\n\t\t\t\t\t\t\t\t<div class=\"elementor-field-type-upload elementor-field-group elementor-column elementor-field-group-field_a0edfe3 elementor-col-100 elementor-field-required\">\n\t\t\t\t\t<label for=\"form-field-field_a0edfe3\" class=\"elementor-field-label\">ODI (3MB Max.) OBLIGATORIO<\/label><input type=\"file\" name=\"form_fields[field_a0edfe3]\" id=\"form-field-field_a0edfe3\" class=\"elementor-field elementor-size-sm  elementor-upload-field\" required=\"required\" aria-required=\"true\" data-maxsize=\"3\" data-maxsize-message=\"This file exceeds the maximum allowed size.\">\t\t\t\t<\/div>\n\t\t\t\t\t\t\t\t<div class=\"elementor-field-type-upload elementor-field-group elementor-column elementor-field-group-field_3eea5c8 elementor-col-100 elementor-field-required\">\n\t\t\t\t\t<label for=\"form-field-field_3eea5c8\" class=\"elementor-field-label\">T\u00e9rminos y Condiciones, (Descarga T\u00e9rminos y Condiciones en el bot\u00f3n de abajo) (3MB Max.) OBLIGATORIO<\/label><input type=\"file\" name=\"form_fields[field_3eea5c8]\" id=\"form-field-field_3eea5c8\" class=\"elementor-field elementor-size-sm  elementor-upload-field\" required=\"required\" aria-required=\"true\" data-maxsize=\"3\" data-maxsize-message=\"This file exceeds the maximum allowed size.\">\t\t\t\t<\/div>\n\t\t\t\t\t\t\t\t<div class=\"elementor-field-type-recaptcha elementor-field-group elementor-column elementor-field-group-field_fb8db38 elementor-col-100\">\n\t\t\t\t\t<div class=\"elementor-field\" id=\"form-field-field_fb8db38\"><div class=\"elementor-g-recaptcha\" data-sitekey=\"6LcWFiQkAAAAAAlQk70kEis2PFp7pta8Rx3O0bdw\" data-type=\"v2_checkbox\" data-theme=\"light\" data-size=\"normal\"><\/div><\/div>\t\t\t\t<\/div>\n\t\t\t\t\t\t\t\t<div class=\"elementor-field-group elementor-column elementor-field-type-submit elementor-col-100 e-form__buttons\">\n\t\t\t\t\t<button type=\"submit\" class=\"elementor-button elementor-size-sm\">\n\t\t\t\t\t\t<span >\n\t\t\t\t\t\t\t\t\t\t\t\t\t\t\t<span class=\" elementor-button-icon\">\n\t\t\t\t\t\t\t\t\t\t\t\t\t\t\t\t\t\t\t\t\t\t\t\t\t\t<\/span>\n\t\t\t\t\t\t\t\t\t\t\t\t\t\t\t\t\t\t\t\t\t\t<span class=\"elementor-button-text\">Enviar<\/span>\n\t\t\t\t\t\t\t\t\t\t\t\t\t<\/span>\n\t\t\t\t\t<\/button>\n\t\t\t\t<\/div>\n\t\t\t<\/div>\n\t\t<\/form>\n\t\t\t\t<\/div>\n\t\t\t\t<\/div>\n\t\t\t\t<div class=\"elementor-element elementor-element-235b5a3 elementor-invisible elementor-widget elementor-widget-text-editor\" data-id=\"235b5a3\" data-element_type=\"widget\" data-settings=\"{&quot;_animation&quot;:&quot;fadeInLeft&quot;}\" data-widget_type=\"text-editor.default\">\n\t\t\t\t<div class=\"elementor-widget-container\">\n\t\t\t\t\t\t\t\t<div class=\"elementor-text-editor elementor-clearfix\">\n\t\t\t\t<p>Recuerda que para ingresar a la faena debes hacerlos con tus EPP correspondientes zapatos de seguridad, lentes y casco.<\/p>\t\t\t\t\t<\/div>\n\t\t\t\t\t\t<\/div>\n\t\t\t\t<\/div>\n\t\t\t\t<div class=\"elementor-element elementor-element-3a227f7 elementor-align-center elementor-widget elementor-widget-button\" data-id=\"3a227f7\" data-element_type=\"widget\" data-widget_type=\"button.default\">\n\t\t\t\t<div class=\"elementor-widget-container\">\n\t\t\t\t\t<div class=\"elementor-button-wrapper\">\n\t\t\t<a href=\"https:\/\/www.atacamakozan.cl\/wp-content\/uploads\/2023\/01\/Documentos-Visita-Te\u0301cnica.pdf\" target=\"_blank\" class=\"elementor-button-link elementor-button elementor-size-sm elementor-animation-grow\" role=\"button\">\n\t\t\t\t\t\t<span class=\"elementor-button-content-wrapper\">\n\t\t\t\t\t\t<span class=\"elementor-button-text\">Requerimiento Documental para Visitas T\u00e9cnicas<\/span>\n\t\t<\/span>\n\t\t\t\t\t<\/a>\n\t\t<\/div>\n\t\t\t\t<\/div>\n\t\t\t\t<\/div>\n\t\t\t\t<div class=\"elementor-element elementor-element-60847ee elementor-align-center elementor-widget elementor-widget-button\" data-id=\"60847ee\" data-element_type=\"widget\" data-widget_type=\"button.default\">\n\t\t\t\t<div class=\"elementor-widget-container\">\n\t\t\t\t\t<div class=\"elementor-button-wrapper\">\n\t\t\t<a href=\"https:\/\/www.atacamakozan.cl\/wp-content\/uploads\/2022\/12\/TERMINOS-Y-CONDICIONES-VISITA-TE\u0301CNICA.pdf\" target=\"_blank\" class=\"elementor-button-link elementor-button elementor-size-sm elementor-animation-grow\" role=\"button\">\n\t\t\t\t\t\t<span class=\"elementor-button-content-wrapper\">\n\t\t\t\t\t\t<span class=\"elementor-button-text\">Descargar T\u00e9rminos y Condiciones<\/span>\n\t\t<\/span>\n\t\t\t\t\t<\/a>\n\t\t<\/div>\n\t\t\t\t<\/div>\n\t\t\t\t<\/div>\n\t\t\t\t<div class=\"elementor-element elementor-element-3c03f2d9 elementor-widget elementor-widget-button\" data-id=\"3c03f2d9\" data-element_type=\"widget\" data-widget_type=\"button.default\">\n\t\t\t\t<div class=\"elementor-widget-container\">\n\t\t\t\t\t<div class=\"elementor-button-wrapper\">\n\t\t\t<a href=\"https:\/\/www.atacamakozan.cl\/\" class=\"elementor-button-link elementor-button elementor-size-sm\" role=\"button\">\n\t\t\t\t\t\t<span class=\"elementor-button-content-wrapper\">\n\t\t\t\t\t\t<span class=\"elementor-button-text\">Volver<\/span>\n\t\t<\/span>\n\t\t\t\t\t<\/a>\n\t\t<\/div>\n\t\t\t\t<\/div>\n\t\t\t\t<\/div>\n\t\t\t\t<div class=\"elementor-element elementor-element-6a706102 elementor-widget elementor-widget-spacer\" data-id=\"6a706102\" data-element_type=\"widget\" data-widget_type=\"spacer.default\">\n\t\t\t\t<div class=\"elementor-widget-container\">\n\t\t\t\t\t<div class=\"elementor-spacer\">\n\t\t\t<div class=\"elementor-spacer-inner\"><\/div>\n\t\t<\/div>\n\t\t\t\t<\/div>\n\t\t\t\t<\/div>\n\t\t\t\t\t\t<\/div>\n\t\t\t\t\t<\/div>\n\t\t<\/div>\n\t\t\t\t\t\t\t\t<\/div>\n\t\t\t\t\t<\/div>\n\t\t<\/section>\n\t\t\t\t\t\t\t\t\t<\/div>\n\t\t\t<\/div>\n\t\t\t\t\t<\/div>\n\t\t","protected":false},"excerpt":{"rendered":"<p>Formulario de Visitas T\u00e9cnicas Recuerda que para ingresar a la faena debes hacerlos con tus EPP correspondientes zapatos de seguridad, lentes y casco. Requerimiento Documental para Visitas T\u00e9cnicas Descargar T\u00e9rminos y Condiciones Volver<\/p>\n","protected":false},"author":1,"featured_media":0,"parent":0,"menu_order":0,"comment_status":"closed","ping_status":"closed","template":"","meta":[],"acf":[],"_links":{"self":[{"href":"https:\/\/www.atacamakozan.cl\/index.php?rest_route=\/wp\/v2\/pages\/3854"}],"collection":[{"href":"https:\/\/www.atacamakozan.cl\/index.php?rest_route=\/wp\/v2\/pages"}],"about":[{"href":"https:\/\/www.atacamakozan.cl\/index.php?rest_route=\/wp\/v2\/types\/page"}],"author":[{"embeddable":true,"href":"https:\/\/www.atacamakozan.cl\/index.php?rest_route=\/wp\/v2\/users\/1"}],"replies":[{"embeddable":true,"href":"https:\/\/www.atacamakozan.cl\/index.php?rest_route=%2Fwp%2Fv2%2Fcomments&post=3854"}],"version-history":[{"count":163,"href":"https:\/\/www.atacamakozan.cl\/index.php?rest_route=\/wp\/v2\/pages\/3854\/revisions"}],"predecessor-version":[{"id":6156,"href":"https:\/\/www.atacamakozan.cl\/index.php?rest_route=\/wp\/v2\/pages\/3854\/revisions\/6156"}],"wp:attachment":[{"href":"https:\/\/www.atacamakozan.cl\/index.php?rest_route=%2Fwp%2Fv2%2Fmedia&parent=3854"}],"curies":[{"name":"wp","href":"https:\/\/api.w.org\/{rel}","templated":true}]}}